{"id":876,"date":"2025-05-24T01:56:40","date_gmt":"2025-05-24T01:56:40","guid":{"rendered":"https:\/\/tiemhoalotus.com\/?page_id=876"},"modified":"2025-05-31T09:05:38","modified_gmt":"2025-05-31T09:05:38","slug":"chinh-sach","status":"publish","type":"page","link":"https:\/\/tiemhoalotus.com\/index.php\/chinh-sach\/","title":{"rendered":"Ch\u00ednh s\u00e1ch c\u1ee7a Lotus"},"content":{"rendered":"<div class=\"wp-block-stackable-heading stk-block-heading stk-block-heading--v2 stk-block stk-0d5514b\" id=\"\ud83d\udd12-ph\u1ea7n-1-chinh-sach-d\u1eb7t-hoa-t\u1ea1i-lotus\" data-block-id=\"0d5514b\"><style>.stk-0d5514b {margin-top:200px !important;}<\/style><h2 class=\"stk-block-heading__text\">\ud83d\udd12 Ph\u1ea7n 1: Ch\u00ednh s\u00e1ch \u0111\u1eb7t hoa t\u1ea1i Lotus<\/h2><\/div><p>T\u1ea1i Ti\u1ec7m hoa sen Lotus, \u0111\u1ec3 \u0111\u1ea3m b\u1ea3o vi\u1ec7c chu\u1ea9n b\u1ecb v\u00e0 ph\u1ee5c v\u1ee5 \u0111\u01b0\u1ee3c chu \u0111\u00e1o nh\u1ea5t, ch\u00fang t\u00f4i \u00e1p d\u1ee5ng ch\u00ednh s\u00e1ch \u0111\u1eb7t hoa nh\u01b0 sau:<\/p><p>\u2013 <strong>Kh\u00e1ch h\u00e0ng vui l\u00f2ng c\u1ecdc tr\u01b0\u1edbc m\u1ed9t ph\u1ea7n chi ph\u00ed<\/strong> \u0111\u1ec3 ch\u00fang t\u00f4i l\u00ean m\u1eabu, nh\u1eadp hoa v\u00e0 s\u1eafp x\u1ebfp th\u1eddi gian l\u00e0m hoa \u0111\u00fang ti\u1ebfn \u0111\u1ed9.<\/p><p>\u2013 Tr\u01b0\u1edbc khi hoa \u0111\u01b0\u1ee3c giao, <strong>Lotus s\u1ebd g\u1eedi video &amp; h\u00ecnh \u1ea3nh th\u1ef1c t\u1ebf c\u1ee7a s\u1ea3n ph\u1ea9m<\/strong> \u0111\u1ebfn kh\u00e1ch h\u00e0ng \u0111\u1ec3 x\u00e1c nh\u1eadn. Ch\u1ec9 khi nh\u1eadn \u0111\u01b0\u1ee3c <strong>ph\u1ea7n thanh to\u00e1n c\u00f2n l\u1ea1i<\/strong>, \u0111\u01a1n h\u00e0ng m\u1edbi \u0111\u01b0\u1ee3c giao \u0111\u1ebfn tay ng\u01b0\u1eddi nh\u1eadn.<\/p><p>\u2013 Ch\u00ednh s\u00e1ch n\u00e0y kh\u00f4ng nh\u1eb1m g\u00e2y kh\u00f3 kh\u0103n, m\u00e0 l\u00e0 <strong>cam k\u1ebft minh b\u1ea1ch v\u00e0 tr\u00e1ch nhi\u1ec7m<\/strong> trong t\u1eebng \u0111\u01a1n h\u00e0ng.<\/p><hr class=\"wp-block-separator has-alpha-channel-opacity\"\/><h2 class=\"wp-block-heading\" id=\"phan-2-cam-ket-giao-hoa-ho-tro-khach-o-xa\">\ud83d\udce6 Ph\u1ea7n 2: Cam k\u1ebft giao hoa &amp; h\u1ed7 tr\u1ee3 kh\u00e1ch \u1edf xa<\/h2><p>\u2013 T\u1ea5t c\u1ea3 hoa t\u1ea1i Lotus \u0111\u1ec1u s\u1eed d\u1ee5ng <strong>hoa t\u01b0\u01a1i m\u1edbi m\u1ed7i ng\u00e0y<\/strong>, \u0111\u01b0\u1ee3c x\u1eed l\u00fd v\u00e0 b\u1ea3o qu\u1ea3n c\u1ea9n th\u1eadn tr\u01b0\u1edbc khi giao.<\/p><p>\u2013 \u0110\u01a1n h\u00e0ng s\u1ebd \u0111\u01b0\u1ee3c \u0111\u00f3ng g\u00f3i chuy\u00ean nghi\u1ec7p, <strong>giao b\u1eb1ng t\u00e0i x\u1ebf tin c\u1eady ho\u1eb7c \u0111\u01a1n v\u1ecb v\u1eadn chuy\u1ec3n ri\u00eang.<\/strong><\/p><p>\u2013 N\u1ebfu kh\u00e1ch c\u1ea7n, <strong>Lotus s\u1ebd cung c\u1ea5p \u0111\u01b0\u1eddng link theo d\u00f5i h\u00e0nh tr\u00ecnh t\u00e0i x\u1ebf (tracking), c\u00f9ng \u1ea3nh\/video giao \u2013 nh\u1eadn hoa t\u1eadn n\u01a1i.<\/strong><\/p><p>\u2013 V\u1edbi kh\u00e1ch h\u00e0ng \u1edf t\u1ec9nh, ho\u1eb7c c\u00e1c b\u1ea1n g\u1eedi hoa cho ng\u01b0\u1eddi th\u00e2n t\u1eeb xa, Lotus hi\u1ec3u r\u1ea5t r\u00f5 c\u1ea3m gi\u00e1c \u201cph\u1ea3i ch\u1eafc ch\u1eafn l\u00e0 hoa \u0111\u01b0\u1ee3c \u0111\u1ebfn n\u01a1i an to\u00e0n\u201d. V\u00ec th\u1ebf, ch\u00fang t\u00f4i lu\u00f4n:<\/p><ul class=\"wp-block-list\"><li><strong>X\u00e1c nh\u1eadn r\u00f5 r\u00e0ng t\u1eebng b\u01b0\u1edbc.<\/strong><\/li>\n\n<li><strong>Ch\u1ee5p \u1ea3nh b\u00f3 hoa tr\u01b0\u1edbc \u2013 trong \u2013 v\u00e0 sau khi giao.<\/strong><\/li>\n\n<li><strong>Lu\u00f4n s\u1eb5n s\u00e0ng h\u1ed7 tr\u1ee3 n\u1ebfu c\u00f3 b\u1ea5t k\u1ef3 thay \u0111\u1ed5i n\u00e0o ph\u00e1t sinh.<\/strong><\/li><\/ul><hr class=\"wp-block-separator has-alpha-channel-opacity\"\/><p><strong>Lotus kh\u00f4ng ch\u1ec9 b\u00e1n hoa \u2014 ch\u00fang t\u00f4i trao \u0111i s\u1ef1 y\u00ean t\u00e2m.<\/strong><br>\u0110\u00f3 l\u00e0 l\u00fd do v\u00ec sao nhi\u1ec1u kh\u00e1ch h\u00e0ng \u1edf xa, sau m\u1ed9t l\u1ea7n \u0111\u1eb7t hoa, \u0111\u00e3 ti\u1ebfp t\u1ee5c quay l\u1ea1i v\u00e0 tin t\u01b0\u1edfng nh\u01b0 m\u1ed9t ng\u01b0\u1eddi b\u1ea1n \u0111\u1ed3ng h\u00e0nh.<\/p><hr class=\"wp-block-separator has-alpha-channel-opacity\"\/><h3 class=\"wp-block-heading\" id=\"english-version\">\ud83c\udf0d English Version<\/h3><h2 class=\"wp-block-heading\" id=\"part-1-lotus-pre-order-payment-policy\">\ud83d\udd12 Part 1: Lotus Pre-Order &amp; Payment Policy<\/h2><p>At Lotus, we kindly ask for a <strong>partial deposit<\/strong> to confirm every order. This allows us to secure fresh flowers and schedule your design properly.<\/p><p>Before delivery, <strong>we always send real-time photos and videos of the final bouquet<\/strong> for your review. Once the remaining balance is paid, the bouquet will be shipped out promptly.<\/p><p>This policy ensures <strong>transparency, quality assurance, and trust<\/strong> for every customer \u2014 especially those ordering from afar.<\/p><hr class=\"wp-block-separator has-alpha-channel-opacity\"\/><h2 class=\"wp-block-heading\" id=\"part-2-shipping-trust-for-long-distance-clients\">\ud83d\udce6 Part 2: Shipping &amp; Trust for Long-Distance Clients<\/h2><p>\u2013 Every bouquet at Lotus is made with <strong>fresh flowers carefully selected each day.<\/strong><\/p><p>\u2013 We pack and ship the flowers via <strong>trusted delivery services or dedicated drivers.<\/strong><\/p><p>\u2013 If needed, we provide a <strong>live tracking link<\/strong> of the driver\u2019s route, and photos\/videos of the recipient receiving the bouquet.<\/p><p>\u2013 For clients ordering from other provinces or countries, we understand the importance of peace of mind. So we always:<\/p><ul class=\"wp-block-list\"><li>Confirm every stage clearly<\/li>\n\n<li>Show images before \u2013 during \u2013 and after delivery<\/li>\n\n<li>Support you promptly if any issue arises<\/li><\/ul><p><strong>Lotus is not just a flower shop \u2014 we are your trusted hands from afar.<\/strong><br>We\u2019re proud to be a place where love and care can cross distances beautifully.<\/p><hr class=\"wp-block-separator has-alpha-channel-opacity\"\/><h3 class=\"wp-block-heading\" id=\"\ud55c\uad6d\uc5b4-\ubc84\uc804-korean-version\">\ud83c\udf38 \ud55c\uad6d\uc5b4 \ubc84\uc804 (Korean Version)<\/h3><h2 class=\"wp-block-heading\" id=\"1\ubd80-lotus-\uc608\uc57d-\ubc0f-\uacb0\uc81c-\uc815\ucc45\">\ud83d\udd12 1\ubd80: Lotus \uc608\uc57d \ubc0f \uacb0\uc81c \uc815\ucc45<\/h2><p>Lotus\uc5d0\uc11c\ub294 <strong>\uc608\uc57d \uc2dc \uc77c\ubd80 \uc120\uacb0\uc81c<\/strong>\ub97c \uc694\uccad\ub4dc\ub9ac\uace0 \uc788\uc2b5\ub2c8\ub2e4.<br>\uc2e0\uc120\ud55c \uaf43\uc744 \uc900\ube44\ud558\uace0 \uc81c\uc791 \uc2dc\uac04\uc744 \uc548\uc815\uc801\uc73c\ub85c \ud655\ubcf4\ud558\uae30 \uc704\ud55c \ucd5c\uc18c\ud55c\uc758 \ubcf4\uc99d\uae08\uc785\ub2c8\ub2e4.<\/p><p>\ubc30\uc1a1 \uc804, <strong>\uc644\uc131\ub41c \uaf43\ub2e4\ubc1c\uc758 \uc2e4\uc81c \uc0ac\uc9c4 \ubc0f \uc601\uc0c1<\/strong>\uc744 \uace0\uac1d\ub2d8\uaed8 \ubcf4\ub0b4\ub4dc\ub9bd\ub2c8\ub2e4.<br>\uc794\uc5ec \uae08\uc561\uc774 \uc785\uae08\ub418\uba74 \ubc14\ub85c \uc548\uc804\ud558\uac8c \ubc30\uc1a1\uc744 \uc2dc\uc791\ud569\ub2c8\ub2e4.<\/p><p>\uc774 \uc815\ucc45\uc740 <strong>\uace0\uac1d\uacfc\uc758 \uc2e0\ub8b0\ub97c \uc704\ud55c \ucd5c\uc18c\ud55c\uc758 \uc57d\uc18d<\/strong>\uc785\ub2c8\ub2e4.<\/p><hr class=\"wp-block-separator has-alpha-channel-opacity\"\/><h2 class=\"wp-block-heading\" id=\"2\ubd80-\ubc30\uc1a1-\ubc0f-\uc6d0\uac70\ub9ac-\uace0\uac1d-\uc9c0\uc6d0\">\ud83d\udce6 2\ubd80: \ubc30\uc1a1 \ubc0f \uc6d0\uac70\ub9ac \uace0\uac1d \uc9c0\uc6d0<\/h2><p>\u2013 \ubaa8\ub4e0 \uaf43\uc740 <strong>\ub2f9\uc77c \uc2e0\uc120\ud55c \uaf43\ub9cc \uc0ac\uc6a9<\/strong>\ud558\uba70, \uc219\ub828\ub41c \ud50c\ub85c\ub9ac\uc2a4\ud2b8\uac00 \uc815\uc131\uc2a4\ub7fd\uac8c \uc81c\uc791\ud569\ub2c8\ub2e4.<\/p><p>\u2013 \ubc30\uc1a1\uc740 <strong>\uc804\uc6a9 \uae30\uc0ac \ub610\ub294 \uc2e0\ub8b0\ud560 \uc218 \uc788\ub294 \ud0dd\ubc30 \ud30c\ud2b8\ub108<\/strong>\ub97c \ud1b5\ud574 \uc9c4\ud589\ub429\ub2c8\ub2e4.<\/p><p>\u2013 \uc694\uccad \uc2dc, <strong>\uc2e4\uc2dc\uac04 \ubc30\uc1a1 \uc704\uce58 \ucd94\uc801 \ub9c1\ud06c<\/strong>, \uc218\ub839 \uc0ac\uc9c4 \ubc0f \uc601\uc0c1\ub3c4 \uc81c\uacf5\ud574\ub4dc\ub9bd\ub2c8\ub2e4.<\/p><p>\u2013 \uc678\uad6d\uc5d0\uc11c \uc8fc\ubb38\ud558\uc2dc\uac70\ub098, \uc9c0\ubc29\uc5d0 \uacc4\uc2e0 \uace0\uac1d\ub2d8\uaed8\uc11c\ub294<br>Lotus\ub97c \ud1b5\ud574 <strong>\uc548\uc2ec\ud558\uace0 \uc0ac\ub791\uc744 \uc804\ud558\uc2e4 \uc218 \uc788\uc2b5\ub2c8\ub2e4.<\/strong><br>\uc800\ud76c\ub294:<\/p><ul class=\"wp-block-list\"><li>\uc900\ube44 \uacfc\uc815\ubd80\ud130 \ubc30\uc1a1\uae4c\uc9c0 \ubaa8\ub4e0 \ub2e8\uacc4\ub97c \ud22c\uba85\ud558\uac8c \uacf5\uc720\ud558\uace0<\/li>\n\n<li>\uc218\ub839 \uc804\ud6c4 \uc0ac\uc9c4\uc744 \ubcf4\ub0b4\ub4dc\ub9ac\uba70<\/li>\n\n<li>\ud639\uc2dc\ub77c\ub3c4 \uc0dd\uae30\ub294 \ubb38\uc81c\uc5d0\ub3c4 \uc2e0\uc18d\ud558\uac8c \ub300\uc751\ud569\ub2c8\ub2e4.<\/li><\/ul><p><strong>Lotus\ub294 \ub2e8\uc21c\ud55c \uaf43\uac00\uac8c\uac00 \uc544\ub2d9\ub2c8\ub2e4.<\/strong><br><strong>\uba40\ub9ac \uc788\uc5b4\ub3c4 \ubbff\uace0 \ub9e1\uae38 \uc218 \uc788\ub294, \ub530\ub73b\ud55c \uc5f0\uacb0\uc758 \uacf5\uac04\uc774 \ub418\uaca0\uc2b5\ub2c8\ub2e4.<\/strong><\/p>","protected":false},"excerpt":{"rendered":"<p>\ud83d\udd12 Ph\u1ea7n 1: Ch\u00ednh s\u00e1ch \u0111\u1eb7t hoa t\u1ea1i Lotus T\u1ea1i Ti\u1ec7m hoa sen Lotus, \u0111\u1ec3 \u0111\u1ea3m b\u1ea3o vi\u1ec7c chu\u1ea9n b\u1ecb v\u00e0 ph\u1ee5c v\u1ee5 \u0111\u01b0\u1ee3c chu \u0111\u00e1o nh\u1ea5t, ch\u00fang t\u00f4i \u00e1p d\u1ee5ng ch\u00ednh s\u00e1ch \u0111\u1eb7t hoa nh\u01b0 sau: \u2013 Kh\u00e1ch h\u00e0ng vui l\u00f2ng c\u1ecdc tr\u01b0\u1edbc m\u1ed9t ph\u1ea7n chi ph\u00ed \u0111\u1ec3 ch\u00fang t\u00f4i l\u00ean m\u1eabu, nh\u1eadp hoa [&hellip;]<\/p>\n","protected":false},"author":1,"featured_media":0,"parent":0,"menu_order":0,"comment_status":"closed","ping_status":"closed","template":"","meta":{"_gspb_post_css":"#gspb_image-id-gsbp-c30d7e6 img{vertical-align:top;display:inline-block;box-sizing:border-box;max-width:100%;height:auto}","footnotes":""},"class_list":["post-876","page","type-page","status-publish","hentry"],"blocksy_meta":[],"rankMath":{"parentDomain":"tiemhoalotus.com","noFollowDomains":[],"noFollowExcludeDomains":[],"noFollowExternalLinks":false,"featuredImageNotice":"H\u00ecnh \u1ea3nh n\u1ed5i b\u1eadt n\u00ean c\u00f3 k\u00edch th\u01b0\u1edbc \u00edt nh\u1ea5t 200 x 200 pixel \u0111\u1ec3 \u0111\u01b0\u1ee3c Facebook v\u00e0 c\u00e1c trang m\u1ea1ng x\u00e3 h\u1ed9i kh\u00e1c ch\u1ecdn.","pluginReviewed":false,"postSettings":{"linkSuggestions":true,"useFocusKeyword":false},"frontEndScore":false,"postName":"chinh-sach","permalinkFormat":"https:\/\/tiemhoalotus.com\/index.php\/%pagename%\/","showLockModifiedDate":true,"assessor":{"focusKeywordLink":"https:\/\/tiemhoalotus.com\/wp-admin\/edit.php?focus_keyword=%focus_keyword%&post_type=%post_type%","hasTOCPlugin":{"stackable-ultimate-gutenberg-blocks\/plugin.php":"Stackable","kadence-blocks\/kadence-blocks.php":"Kadence Blocks","getwid\/getwid.php":"Getwid"},"primaryTaxonomy":false,"serpData":{"title":"","description":"","focusKeywords":"","pillarContent":false,"canonicalUrl":"","breadcrumbTitle":"","advancedRobots":[],"facebookTitle":"","facebookDescription":"","facebookImage":"","facebookImageID":"","facebookHasOverlay":false,"facebookImageOverlay":"","facebookAuthor":"","twitterCardType":"","twitterUseFacebook":true,"twitterTitle":"","twitterDescription":"","twitterImage":"","twitterImageID":"","twitterHasOverlay":false,"twitterImageOverlay":"","twitterPlayerUrl":"","twitterPlayerSize":"","twitterPlayerStream":"","twitterPlayerStreamCtype":"","twitterAppDescription":"","twitterAppIphoneName":"","twitterAppIphoneID":"","twitterAppIphoneUrl":"","twitterAppIpadName":"","twitterAppIpadID":"","twitterAppIpadUrl":"","twitterAppGoogleplayName":"","twitterAppGoogleplayID":"","twitterAppGoogleplayUrl":"","twitterAppCountry":"","robots":{"index":true},"twitterAuthor":"t\u00ean ng\u01b0\u1eddi d\u00f9ng","primaryTerm":0,"authorName":"admin","titleTemplate":"%title% %sep% %sitename%","descriptionTemplate":"%excerpt%","showScoreFrontend":true,"lockModifiedDate":false},"powerWords":[],"diacritics":{"A":"[\\u0041\\u24B6\\uFF21\\u00C0\\u00C1\\u00C2\\u1EA6\\u1EA4\\u1EAA\\u1EA8\\u00C3\\u0100\\u0102\\u1EB0\\u1EAE\\u1EB4\\u1EB2\\u0226\\u01E0\\u00C4\\u01DE\\u1EA2\\u00C5\\u01FA\\u01CD\\u0200\\u0202\\u1EA0\\u1EAC\\u1EB6\\u1E00\\u0104\\u023A\\u2C6F]","AA":"[\\uA732]","AE":"[\\u00C6\\u01FC\\u01E2]","AO":"[\\uA734]","AU":"[\\uA736]","AV":"[\\uA738\\uA73A]","AY":"[\\uA73C]","B":"[\\u0042\\u24B7\\uFF22\\u1E02\\u1E04\\u1E06\\u0243\\u0182\\u0181]","C":"[\\u0043\\u24B8\\uFF23\\u0106\\u0108\\u010A\\u010C\\u00C7\\u1E08\\u0187\\u023B\\uA73E]","D":"[\\u0044\\u24B9\\uFF24\\u1E0A\\u010E\\u1E0C\\u1E10\\u1E12\\u1E0E\\u0110\\u018B\\u018A\\u0189\\uA779]","DZ":"[\\u01F1\\u01C4]","Dz":"[\\u01F2\\u01C5]","E":"[\\u0045\\u24BA\\uFF25\\u00C8\\u00C9\\u00CA\\u1EC0\\u1EBE\\u1EC4\\u1EC2\\u1EBC\\u0112\\u1E14\\u1E16\\u0114\\u0116\\u00CB\\u1EBA\\u011A\\u0204\\u0206\\u1EB8\\u1EC6\\u0228\\u1E1C\\u0118\\u1E18\\u1E1A\\u0190\\u018E]","F":"[\\u0046\\u24BB\\uFF26\\u1E1E\\u0191\\uA77B]","G":"[\\u0047\\u24BC\\uFF27\\u01F4\\u011C\\u1E20\\u011E\\u0120\\u01E6\\u0122\\u01E4\\u0193\\uA7A0\\uA77D\\uA77E]","H":"[\\u0048\\u24BD\\uFF28\\u0124\\u1E22\\u1E26\\u021E\\u1E24\\u1E28\\u1E2A\\u0126\\u2C67\\u2C75\\uA78D]","I":"[\\u0049\\u24BE\\uFF29\\u00CC\\u00CD\\u00CE\\u0128\\u012A\\u012C\\u0130\\u00CF\\u1E2E\\u1EC8\\u01CF\\u0208\\u020A\\u1ECA\\u012E\\u1E2C\\u0197]","J":"[\\u004A\\u24BF\\uFF2A\\u0134\\u0248]","K":"[\\u004B\\u24C0\\uFF2B\\u1E30\\u01E8\\u1E32\\u0136\\u1E34\\u0198\\u2C69\\uA740\\uA742\\uA744\\uA7A2]","L":"[\\u004C\\u24C1\\uFF2C\\u013F\\u0139\\u013D\\u1E36\\u1E38\\u013B\\u1E3C\\u1E3A\\u0141\\u023D\\u2C62\\u2C60\\uA748\\uA746\\uA780]","LJ":"[\\u01C7]","Lj":"[\\u01C8]","M":"[\\u004D\\u24C2\\uFF2D\\u1E3E\\u1E40\\u1E42\\u2C6E\\u019C]","N":"[\\u004E\\u24C3\\uFF2E\\u01F8\\u0143\\u00D1\\u1E44\\u0147\\u1E46\\u0145\\u1E4A\\u1E48\\u0220\\u019D\\uA790\\uA7A4]","NJ":"[\\u01CA]","Nj":"[\\u01CB]","O":"[\\u004F\\u24C4\\uFF2F\\u00D2\\u00D3\\u00D4\\u1ED2\\u1ED0\\u1ED6\\u1ED4\\u00D5\\u1E4C\\u022C\\u1E4E\\u014C\\u1E50\\u1E52\\u014E\\u022E\\u0230\\u00D6\\u022A\\u1ECE\\u0150\\u01D1\\u020C\\u020E\\u01A0\\u1EDC\\u1EDA\\u1EE0\\u1EDE\\u1EE2\\u1ECC\\u1ED8\\u01EA\\u01EC\\u00D8\\u01FE\\u0186\\u019F\\uA74A\\uA74C]","OI":"[\\u01A2]","OO":"[\\uA74E]","OU":"[\\u0222]","P":"[\\u0050\\u24C5\\uFF30\\u1E54\\u1E56\\u01A4\\u2C63\\uA750\\uA752\\uA754]","Q":"[\\u0051\\u24C6\\uFF31\\uA756\\uA758\\u024A]","R":"[\\u0052\\u24C7\\uFF32\\u0154\\u1E58\\u0158\\u0210\\u0212\\u1E5A\\u1E5C\\u0156\\u1E5E\\u024C\\u2C64\\uA75A\\uA7A6\\uA782]","S":"[\\u0053\\u24C8\\uFF33\\u1E9E\\u015A\\u1E64\\u015C\\u1E60\\u0160\\u1E66\\u1E62\\u1E68\\u0218\\u015E\\u2C7E\\uA7A8\\uA784]","T":"[\\u0054\\u24C9\\uFF34\\u1E6A\\u0164\\u1E6C\\u021A\\u0162\\u1E70\\u1E6E\\u0166\\u01AC\\u01AE\\u023E\\uA786]","TZ":"[\\uA728]","U":"[\\u0055\\u24CA\\uFF35\\u00D9\\u00DA\\u00DB\\u0168\\u1E78\\u016A\\u1E7A\\u016C\\u00DC\\u01DB\\u01D7\\u01D5\\u01D9\\u1EE6\\u016E\\u0170\\u01D3\\u0214\\u0216\\u01AF\\u1EEA\\u1EE8\\u1EEE\\u1EEC\\u1EF0\\u1EE4\\u1E72\\u0172\\u1E76\\u1E74\\u0244]","V":"[\\u0056\\u24CB\\uFF36\\u1E7C\\u1E7E\\u01B2\\uA75E\\u0245]","VY":"[\\uA760]","W":"[\\u0057\\u24CC\\uFF37\\u1E80\\u1E82\\u0174\\u1E86\\u1E84\\u1E88\\u2C72]","X":"[\\u0058\\u24CD\\uFF38\\u1E8A\\u1E8C]","Y":"[\\u0059\\u24CE\\uFF39\\u1EF2\\u00DD\\u0176\\u1EF8\\u0232\\u1E8E\\u0178\\u1EF6\\u1EF4\\u01B3\\u024E\\u1EFE]","Z":"[\\u005A\\u24CF\\uFF3A\\u0179\\u1E90\\u017B\\u017D\\u1E92\\u1E94\\u01B5\\u0224\\u2C7F\\u2C6B\\uA762]","a":"[\\u0061\\u24D0\\uFF41\\u1E9A\\u00E0\\u00E1\\u00E2\\u1EA7\\u1EA5\\u1EAB\\u1EA9\\u00E3\\u0101\\u0103\\u1EB1\\u1EAF\\u1EB5\\u1EB3\\u0227\\u01E1\\u00E4\\u01DF\\u1EA3\\u00E5\\u01FB\\u01CE\\u0201\\u0203\\u1EA1\\u1EAD\\u1EB7\\u1E01\\u0105\\u2C65\\u0250]","aa":"[\\uA733]","ae":"[\\u00E6\\u01FD\\u01E3]","ao":"[\\uA735]","au":"[\\uA737]","av":"[\\uA739\\uA73B]","ay":"[\\uA73D]","b":"[\\u0062\\u24D1\\uFF42\\u1E03\\u1E05\\u1E07\\u0180\\u0183\\u0253]","c":"[\\u0063\\u24D2\\uFF43\\u0107\\u0109\\u010B\\u010D\\u00E7\\u1E09\\u0188\\u023C\\uA73F\\u2184]","d":"[\\u0064\\u24D3\\uFF44\\u1E0B\\u010F\\u1E0D\\u1E11\\u1E13\\u1E0F\\u0111\\u018C\\u0256\\u0257\\uA77A]","dz":"[\\u01F3\\u01C6]","e":"[\\u0065\\u24D4\\uFF45\\u00E8\\u00E9\\u00EA\\u1EC1\\u1EBF\\u1EC5\\u1EC3\\u1EBD\\u0113\\u1E15\\u1E17\\u0115\\u0117\\u00EB\\u1EBB\\u011B\\u0205\\u0207\\u1EB9\\u1EC7\\u0229\\u1E1D\\u0119\\u1E19\\u1E1B\\u0247\\u025B\\u01DD]","f":"[\\u0066\\u24D5\\uFF46\\u1E1F\\u0192\\uA77C]","g":"[\\u0067\\u24D6\\uFF47\\u01F5\\u011D\\u1E21\\u011F\\u0121\\u01E7\\u0123\\u01E5\\u0260\\uA7A1\\u1D79\\uA77F]","h":"[\\u0068\\u24D7\\uFF48\\u0125\\u1E23\\u1E27\\u021F\\u1E25\\u1E29\\u1E2B\\u1E96\\u0127\\u2C68\\u2C76\\u0265]","hv":"[\\u0195]","i":"[\\u0069\\u24D8\\uFF49\\u00EC\\u00ED\\u00EE\\u0129\\u012B\\u012D\\u00EF\\u1E2F\\u1EC9\\u01D0\\u0209\\u020B\\u1ECB\\u012F\\u1E2D\\u0268\\u0131]","j":"[\\u006A\\u24D9\\uFF4A\\u0135\\u01F0\\u0249]","k":"[\\u006B\\u24DA\\uFF4B\\u1E31\\u01E9\\u1E33\\u0137\\u1E35\\u0199\\u2C6A\\uA741\\uA743\\uA745\\uA7A3]","l":"[\\u006C\\u24DB\\uFF4C\\u0140\\u013A\\u013E\\u1E37\\u1E39\\u013C\\u1E3D\\u1E3B\\u017F\\u0142\\u019A\\u026B\\u2C61\\uA749\\uA781\\uA747]","lj":"[\\u01C9]","m":"[\\u006D\\u24DC\\uFF4D\\u1E3F\\u1E41\\u1E43\\u0271\\u026F]","n":"[\\u006E\\u24DD\\uFF4E\\u01F9\\u0144\\u00F1\\u1E45\\u0148\\u1E47\\u0146\\u1E4B\\u1E49\\u019E\\u0272\\u0149\\uA791\\uA7A5]","nj":"[\\u01CC]","o":"[\\u006F\\u24DE\\uFF4F\\u00F2\\u00F3\\u00F4\\u1ED3\\u1ED1\\u1ED7\\u1ED5\\u00F5\\u1E4D\\u022D\\u1E4F\\u014D\\u1E51\\u1E53\\u014F\\u022F\\u0231\\u00F6\\u022B\\u1ECF\\u0151\\u01D2\\u020D\\u020F\\u01A1\\u1EDD\\u1EDB\\u1EE1\\u1EDF\\u1EE3\\u1ECD\\u1ED9\\u01EB\\u01ED\\u00F8\\u01FF\\u0254\\uA74B\\uA74D\\u0275]","oi":"[\\u01A3]","ou":"[\\u0223]","oo":"[\\uA74F]","p":"[\\u0070\\u24DF\\uFF50\\u1E55\\u1E57\\u01A5\\u1D7D\\uA751\\uA753\\uA755]","q":"[\\u0071\\u24E0\\uFF51\\u024B\\uA757\\uA759]","r":"[\\u0072\\u24E1\\uFF52\\u0155\\u1E59\\u0159\\u0211\\u0213\\u1E5B\\u1E5D\\u0157\\u1E5F\\u024D\\u027D\\uA75B\\uA7A7\\uA783]","s":"[\\u0073\\u24E2\\uFF53\\u015B\\u1E65\\u015D\\u1E61\\u0161\\u1E67\\u1E63\\u1E69\\u0219\\u015F\\u023F\\uA7A9\\uA785\\u1E9B]","ss":"[\\u00DF]","t":"[\\u0074\\u24E3\\uFF54\\u1E6B\\u1E97\\u0165\\u1E6D\\u021B\\u0163\\u1E71\\u1E6F\\u0167\\u01AD\\u0288\\u2C66\\uA787]","tz":"[\\uA729]","u":"[\\u0075\\u24E4\\uFF55\\u00F9\\u00FA\\u00FB\\u0169\\u1E79\\u016B\\u1E7B\\u016D\\u00FC\\u01DC\\u01D8\\u01D6\\u01DA\\u1EE7\\u016F\\u0171\\u01D4\\u0215\\u0217\\u01B0\\u1EEB\\u1EE9\\u1EEF\\u1EED\\u1EF1\\u1EE5\\u1E73\\u0173\\u1E77\\u1E75\\u0289]","v":"[\\u0076\\u24E5\\uFF56\\u1E7D\\u1E7F\\u028B\\uA75F\\u028C]","vy":"[\\uA761]","w":"[\\u0077\\u24E6\\uFF57\\u1E81\\u1E83\\u0175\\u1E87\\u1E85\\u1E98\\u1E89\\u2C73]","x":"[\\u0078\\u24E7\\uFF58\\u1E8B\\u1E8D]","y":"[\\u0079\\u24E8\\uFF59\\u1EF3\\u00FD\\u0177\\u1EF9\\u0233\\u1E8F\\u00FF\\u1EF7\\u1E99\\u1EF5\\u01B4\\u024F\\u1EFF]","z":"[\\u007A\\u24E9\\uFF5A\\u017A\\u1E91\\u017C\\u017E\\u1E93\\u1E95\\u01B6\\u0225\\u0240\\u2C6C\\uA763]"},"researchesTests":["contentHasTOC","contentHasShortParagraphs","contentHasAssets","keywordInTitle","keywordInMetaDescription","keywordInPermalink","keywordIn10Percent","keywordInContent","keywordInSubheadings","keywordInImageAlt","keywordDensity","keywordNotUsed","lengthContent","lengthPermalink","linksHasInternal","linksHasExternals","linksNotAllExternals","titleStartWithKeyword","titleSentiment","titleHasPowerWords","titleHasNumber","hasContentAI"],"hasRedirection":false,"hasBreadcrumb":true},"homeUrl":"https:\/\/tiemhoalotus.com","objectID":876,"objectType":"post","locale":"vi","localeFull":"vi","overlayImages":{"play":{"name":"Bi\u1ec3u t\u01b0\u1ee3ng ph\u00e1t","url":"https:\/\/tiemhoalotus.com\/wp-content\/plugins\/seo-by-rank-math\/assets\/admin\/img\/icon-play.png","path":"\/var\/www\/vhosts\/tiemhoalotus.com\/httpdocs\/wp-content\/plugins\/seo-by-rank-math\/assets\/admin\/img\/icon-play.png","position":"middle_center"},"gif":{"name":"Bi\u1ec3u t\u01b0\u1ee3ng GIF","url":"https:\/\/tiemhoalotus.com\/wp-content\/plugins\/seo-by-rank-math\/assets\/admin\/img\/icon-gif.png","path":"\/var\/www\/vhosts\/tiemhoalotus.com\/httpdocs\/wp-content\/plugins\/seo-by-rank-math\/assets\/admin\/img\/icon-gif.png","position":"middle_center"}},"defautOgImage":"https:\/\/tiemhoalotus.com\/wp-content\/uploads\/2025\/05\/hoacuoi-111.jpg","customPermalinks":true,"isUserRegistered":true,"autoSuggestKeywords":true,"connectSiteUrl":"https:\/\/rankmath.com\/auth?site=https%3A%2F%2Ftiemhoalotus.com&r=https%3A%2F%2Ftiemhoalotus.com%2Findex.php%2Fwp-json%2Fwp%2Fv2%2Fpages%2F876%3Fnonce%3Dbb4d047037","maxTags":5,"trendsIcon":"<svg viewBox=\"0 0 610 610\"><path d=\"M18.85,446,174.32,290.48l58.08,58.08L76.93,504a14.54,14.54,0,0,1-20.55,0L18.83,466.48a14.54,14.54,0,0,1,0-20.55Z\" style=\"fill:#4285f4\"\/><path d=\"M242.65,242.66,377.59,377.6l-47.75,47.75a14.54,14.54,0,0,1-20.55,0L174.37,290.43l47.75-47.75A14.52,14.52,0,0,1,242.65,242.66Z\" style=\"fill:#ea4335\"\/><polygon points=\"319.53 319.53 479.26 159.8 537.34 217.88 377.61 377.62 319.53 319.53\" style=\"fill:#fabb05\"\/><path d=\"M594.26,262.73V118.61h0a16.94,16.94,0,0,0-16.94-16.94H433.2a16.94,16.94,0,0,0-12,28.92L565.34,274.71h0a16.94,16.94,0,0,0,28.92-12Z\" style=\"fill:#34a853\"\/><rect width=\"610\" height=\"610\" style=\"fill:none\"\/><\/svg>","showScore":true,"siteFavIcon":"https:\/\/tiemhoalotus.com\/wp-content\/uploads\/2025\/05\/cropped-496306943_753157557226900_7841104399836032590_n-32x32.jpg","canUser":{"general":false,"advanced":false,"snippet":false,"social":false,"analysis":false,"analytics":false,"content_ai":false},"showKeywordIntent":true,"isPro":false,"is_front_page":false,"trendsUpgradeLink":"https:\/\/rankmath.com\/pricing\/?utm_source=Plugin&utm_medium=CE%20General%20Tab%20Trends&utm_campaign=WP","trendsUpgradeLabel":"N\u00e2ng c\u1ea5p","trendsPreviewImage":"https:\/\/tiemhoalotus.com\/wp-content\/plugins\/seo-by-rank-math\/assets\/admin\/img\/trends-preview.jpg","currentEditor":false,"homepageData":{"assessor":{"powerWords":[],"diacritics":true,"researchesTests":["contentHasTOC","contentHasShortParagraphs","contentHasAssets","keywordInTitle","keywordInMetaDescription","keywordInPermalink","keywordIn10Percent","keywordInContent","keywordInSubheadings","keywordInImageAlt","keywordDensity","keywordNotUsed","lengthContent","lengthPermalink","linksHasInternal","linksHasExternals","linksNotAllExternals","titleStartWithKeyword","titleSentiment","titleHasPowerWords","titleHasNumber","hasContentAI"],"hasBreadcrumb":true,"serpData":{"title":"%sitename% %page% %sep% %sitedesc%","description":"","titleTemplate":"%sitename% %page% %sep% %sitedesc%","descriptionTemplate":"","focusKeywords":"","breadcrumbTitle":"Home","robots":{"index":true},"advancedRobots":[],"facebookTitle":"","facebookDescription":"","facebookImage":"","facebookImageID":""}}},"tocTitle":"Table of Contents","tocExcludeHeadings":[],"listStyle":"ul"},"_links":{"self":[{"href":"https:\/\/tiemhoalotus.com\/index.php\/wp-json\/wp\/v2\/pages\/876","targetHints":{"allow":["GET"]}}],"collection":[{"href":"https:\/\/tiemhoalotus.com\/index.php\/wp-json\/wp\/v2\/pages"}],"about":[{"href":"https:\/\/tiemhoalotus.com\/index.php\/wp-json\/wp\/v2\/types\/page"}],"author":[{"embeddable":true,"href":"https:\/\/tiemhoalotus.com\/index.php\/wp-json\/wp\/v2\/users\/1"}],"replies":[{"embeddable":true,"href":"https:\/\/tiemhoalotus.com\/index.php\/wp-json\/wp\/v2\/comments?post=876"}],"version-history":[{"count":2,"href":"https:\/\/tiemhoalotus.com\/index.php\/wp-json\/wp\/v2\/pages\/876\/revisions"}],"predecessor-version":[{"id":981,"href":"https:\/\/tiemhoalotus.com\/index.php\/wp-json\/wp\/v2\/pages\/876\/revisions\/981"}],"wp:attachment":[{"href":"https:\/\/tiemhoalotus.com\/index.php\/wp-json\/wp\/v2\/media?parent=876"}],"curies":[{"name":"wp","href":"https:\/\/api.w.org\/{rel}","templated":true}]}}